{"id":96309,"date":"2020-11-30T18:41:03","date_gmt":"2020-11-30T17:41:03","guid":{"rendered":"https:\/\/venzo.com\/tag-kontakt-til-os\/"},"modified":"2025-06-19T14:29:10","modified_gmt":"2025-06-19T12:29:10","slug":"tag-kontakt-til-os","status":"publish","type":"page","link":"https:\/\/venzo.com\/da\/tag-kontakt-til-os\/","title":{"rendered":"Kontakt os"},"content":{"rendered":"<div class=\"wpb-content-wrapper\"><p>[vc_row unlock_row_content=&#8221;yes&#8221; row_height_percent=&#8221;0&#8243; override_padding=&#8221;yes&#8221; h_padding=&#8221;2&#8243; top_padding=&#8221;2&#8243; bottom_padding=&#8221;0&#8243; overlay_alpha=&#8221;50&#8243; gutter_size=&#8221;3&#8243; column_width_percent=&#8221;100&#8243; shift_y=&#8221;0&#8243; z_index=&#8221;0&#8243;][vc_column width=&#8221;1\/1&#8243;][uncode_block id=&#8221;85566&#8243;][\/vc_column][\/vc_row][vc_row row_height_percent=&#8221;0&#8243; override_padding=&#8221;yes&#8221; h_padding=&#8221;2&#8243; top_padding=&#8221;4&#8243; bottom_padding=&#8221;4&#8243; overlay_alpha=&#8221;50&#8243; gutter_size=&#8221;3&#8243; column_width_percent=&#8221;100&#8243; shift_y=&#8221;0&#8243; z_index=&#8221;0&#8243;][vc_column column_width_percent=&#8221;100&#8243; gutter_size=&#8221;3&#8243; style=&#8221;light&#8221; overlay_alpha=&#8221;50&#8243; shift_x=&#8221;0&#8243; shift_y=&#8221;0&#8243; shift_y_down=&#8221;0&#8243; z_index=&#8221;0&#8243; medium_width=&#8221;0&#8243; mobile_width=&#8221;0&#8243; width=&#8221;1\/1&#8243;][vc_row_inner row_inner_height_percent=&#8221;0&#8243; overlay_alpha=&#8221;50&#8243; gutter_size=&#8221;3&#8243; shift_y=&#8221;0&#8243; z_index=&#8221;0&#8243; limit_content=&#8221;&#8221;][vc_column_inner column_width_percent=&#8221;100&#8243; position_horizontal=&#8221;left&#8221; gutter_size=&#8221;2&#8243; style=&#8221;light&#8221; overlay_alpha=&#8221;50&#8243; shift_x=&#8221;0&#8243; shift_y=&#8221;0&#8243; shift_y_down=&#8221;0&#8243; z_index=&#8221;0&#8243; medium_visibility=&#8221;yes&#8221; medium_width=&#8221;0&#8243; mobile_visibility=&#8221;yes&#8221; mobile_width=&#8221;0&#8243; css_animation=&#8221;alpha-anim&#8221; animation_delay=&#8221;100&#8243; width=&#8221;1\/3&#8243;][vc_custom_heading text_size=&#8221;h4&#8243;]Generelt[\/vc_custom_heading][vc_custom_heading text_size=&#8221;h4&#8243; text_weight=&#8221;400&#8243;]<a href=\"mailto:hello@venzo.com\">hello@venzo.com<\/a>[\/vc_custom_heading][\/vc_column_inner][vc_column_inner column_width_percent=&#8221;100&#8243; gutter_size=&#8221;2&#8243; style=&#8221;light&#8221; overlay_alpha=&#8221;50&#8243; shift_x=&#8221;0&#8243; shift_y=&#8221;0&#8243; shift_y_down=&#8221;0&#8243; z_index=&#8221;0&#8243; medium_width=&#8221;0&#8243; mobile_width=&#8221;0&#8243; css_animation=&#8221;alpha-anim&#8221; animation_delay=&#8221;200&#8243; width=&#8221;1\/3&#8243;][vc_custom_heading text_size=&#8221;h4&#8243;]Karriere[\/vc_custom_heading][vc_custom_heading text_size=&#8221;h4&#8243; text_weight=&#8221;400&#8243;]<a href=\"mailto:hr@venzo.com\">hr@venzo.com<\/a>[\/vc_custom_heading][\/vc_column_inner][vc_column_inner column_width_percent=&#8221;100&#8243; gutter_size=&#8221;2&#8243; style=&#8221;light&#8221; overlay_alpha=&#8221;50&#8243; shift_x=&#8221;0&#8243; shift_y=&#8221;0&#8243; shift_y_down=&#8221;0&#8243; z_index=&#8221;0&#8243; medium_width=&#8221;0&#8243; mobile_width=&#8221;0&#8243; css_animation=&#8221;alpha-anim&#8221; animation_delay=&#8221;300&#8243; width=&#8221;1\/3&#8243;][vc_custom_heading text_size=&#8221;h4&#8243;]Ring til os[\/vc_custom_heading][vc_custom_heading text_size=&#8221;h4&#8243; text_weight=&#8221;400&#8243;]<a href=\"tel:004533110085\">+45 33 11 00 85<\/a>[\/vc_custom_heading][\/vc_column_inner][\/vc_row_inner][\/vc_column][\/vc_row][vc_row row_height_percent=&#8221;55&#8243; back_image=&#8221;87280&#8243; back_position=&#8221;center bottom&#8221; parallax=&#8221;yes&#8221; overlay_color=&#8221;color-jevc&#8221; overlay_alpha=&#8221;0&#8243; equal_height=&#8221;yes&#8221; gutter_size=&#8221;0&#8243; column_width_percent=&#8221;100&#8243; shift_y=&#8221;0&#8243; z_index=&#8221;0&#8243; uncode_shortcode_id=&#8221;699766&#8243; overlay_color_type=&#8221;uncode-palette&#8221;][vc_column column_width_percent=&#8221;100&#8243; gutter_size=&#8221;0&#8243; overlay_alpha=&#8221;50&#8243; shift_x=&#8221;0&#8243; shift_y=&#8221;0&#8243; shift_y_down=&#8221;0&#8243; z_index=&#8221;0&#8243; medium_width=&#8221;0&#8243; mobile_width=&#8221;0&#8243; width=&#8221;1\/1&#8243;][\/vc_column][\/vc_row][vc_row row_height_percent=&#8221;0&#8243; override_padding=&#8221;yes&#8221; h_padding=&#8221;2&#8243; top_padding=&#8221;4&#8243; bottom_padding=&#8221;2&#8243; overlay_alpha=&#8221;50&#8243; equal_height=&#8221;yes&#8221; gutter_size=&#8221;0&#8243; column_width_percent=&#8221;100&#8243; shift_y=&#8221;0&#8243; z_index=&#8221;0&#8243;][vc_column column_width_percent=&#8221;100&#8243; gutter_size=&#8221;0&#8243; overlay_alpha=&#8221;50&#8243; shift_x=&#8221;0&#8243; shift_y=&#8221;0&#8243; shift_y_down=&#8221;0&#8243; z_index=&#8221;0&#8243; medium_width=&#8221;0&#8243; mobile_width=&#8221;0&#8243; width=&#8221;1\/2&#8243;][vc_custom_heading sub_lead=&#8221;yes&#8221;]Vi er i \u00f8jeblikket placeret i K\u00f8benhavn og Aarhus.[\/vc_custom_heading][vc_empty_space empty_h=&#8221;2&#8243;][vc_column_text text_lead=&#8221;yes&#8221; uncode_shortcode_id=&#8221;416202&#8243;]Men med 200 konsulenter fordelt over hele landet tilbyder vi vores ekspertise i hele Danmark (og Nordeuropa).[\/vc_column_text][vc_empty_space empty_h=&#8221;2&#8243;][\/vc_column][vc_column width=&#8221;1\/2&#8243;][\/vc_column][\/vc_row][vc_row row_height_percent=&#8221;0&#8243; override_padding=&#8221;yes&#8221; h_padding=&#8221;2&#8243; top_padding=&#8221;0&#8243; bottom_padding=&#8221;4&#8243; overlay_alpha=&#8221;50&#8243; equal_height=&#8221;yes&#8221; gutter_size=&#8221;0&#8243; column_width_percent=&#8221;100&#8243; shift_y=&#8221;0&#8243; z_index=&#8221;0&#8243;][vc_column column_width_percent=&#8221;90&#8243; position_horizontal=&#8221;left&#8221; gutter_size=&#8221;3&#8243; overlay_alpha=&#8221;50&#8243; shift_x=&#8221;0&#8243; shift_y=&#8221;0&#8243; shift_y_down=&#8221;0&#8243; z_index=&#8221;0&#8243; medium_width=&#8221;0&#8243; mobile_width=&#8221;0&#8243; width=&#8221;1\/2&#8243;][vc_single_image media=&#8221;90769&#8243; media_width_percent=&#8221;100&#8243; media_ratio=&#8221;four-three&#8221; advanced=&#8221;yes&#8221; media_items=&#8221;media|original&#8221; media_overlay_color=&#8221;color-wayh&#8221; media_overlay_opacity=&#8221;1&#8243; media_overlay_visible=&#8221;yes&#8221; media_overlay_anim=&#8221;no&#8221; media_text_visible=&#8221;yes&#8221; media_text_anim=&#8221;no&#8221; media_h_align=&#8221;center&#8221; media_padding=&#8221;3&#8243; media_title_dimension=&#8221;h3&#8243; single_image_anim_move=&#8221;yes&#8221; media_title_custom=&#8221;Short headline&#8221; media_link=&#8221;|||&#8221; media_subtitle_custom=&#8221;Tagline&#8221; uncode_shortcode_id=&#8221;817632&#8243; media_overlay_color_type=&#8221;uncode-palette&#8221;][vc_column_text text_lead=&#8221;yes&#8221; uncode_shortcode_id=&#8221;116732&#8243;]<strong>Copenhagen Office<\/strong><br \/>Hejrevej 34<br \/>2400 K\u00f8benhavn NV<br \/>Danmark[\/vc_column_text][\/vc_column][vc_column column_width_percent=&#8221;90&#8243; position_horizontal=&#8221;left&#8221; gutter_size=&#8221;3&#8243; overlay_alpha=&#8221;50&#8243; shift_x=&#8221;0&#8243; shift_y=&#8221;0&#8243; shift_y_down=&#8221;0&#8243; z_index=&#8221;0&#8243; medium_width=&#8221;0&#8243; mobile_width=&#8221;0&#8243; width=&#8221;1\/2&#8243;][vc_single_image media=&#8221;85581&#8243; media_width_percent=&#8221;100&#8243; media_ratio=&#8221;four-three&#8221; advanced=&#8221;yes&#8221; media_items=&#8221;media|original&#8221; media_overlay_color=&#8221;color-wayh&#8221; media_overlay_opacity=&#8221;1&#8243; media_overlay_visible=&#8221;yes&#8221; media_overlay_anim=&#8221;no&#8221; media_text_visible=&#8221;yes&#8221; media_text_anim=&#8221;no&#8221; media_h_align=&#8221;center&#8221; media_padding=&#8221;3&#8243; media_title_dimension=&#8221;h3&#8243; single_image_anim_move=&#8221;yes&#8221; media_title_custom=&#8221;Short headline&#8221; media_link=&#8221;|||&#8221; media_subtitle_custom=&#8221;Tagline&#8221;][vc_column_text text_lead=&#8221;yes&#8221; uncode_shortcode_id=&#8221;120815&#8243;]<strong>Aarhus-kontoret<\/strong><br \/>Mariane Thomsens Gade 4<br \/>8000 Aarhus<br \/>Danmark[\/vc_column_text][\/vc_column][\/vc_row][vc_row row_height_percent=&#8221;0&#8243; override_padding=&#8221;yes&#8221; h_padding=&#8221;4&#8243; top_padding=&#8221;4&#8243; bottom_padding=&#8221;4&#8243; back_color=&#8221;color-lxmt&#8221; overlay_alpha=&#8221;50&#8243; equal_height=&#8221;yes&#8221; gutter_size=&#8221;0&#8243; column_width_percent=&#8221;100&#8243; shift_y=&#8221;0&#8243; z_index=&#8221;0&#8243; uncode_shortcode_id=&#8221;148245&#8243; back_color_type=&#8221;uncode-palette&#8221;][vc_column column_width_percent=&#8221;85&#8243; position_horizontal=&#8221;left&#8221; gutter_size=&#8221;3&#8243; overlay_alpha=&#8221;50&#8243; shift_x=&#8221;0&#8243; shift_y=&#8221;0&#8243; shift_y_down=&#8221;0&#8243; z_index=&#8221;0&#8243; medium_width=&#8221;0&#8243; mobile_width=&#8221;0&#8243; width=&#8221;1\/2&#8243;][vc_column_text uncode_shortcode_id=&#8221;825827&#8243;]<\/p>\n<h3>Tryk p\u00e5<\/h3>\n<p>Kontakt venligst Peter Lemmich for b\u00e5de danske og internationale pressehenvendelser<a href=\"tel:004528409943\">(+45 28 40 99 43<\/a> eller <a href=\"mailto:ple@venzo.com\">ple@venzo.com)<\/a>.<\/p>\n<p><a href=\"\/wp-content\/uploads\/2020\/09\/VENZO-Logo.zip\">\u2192 <span style=\"text-decoration: underline;\">Download VENZO-logoer<\/span><\/a><\/p>\n<p><a href=\"\/wp-content\/uploads\/2024\/01\/VENZO-CEO-Rikke-Wumpelmann-Juhl-HighRes.jpg\">\u2192 <span style=\"text-decoration: underline;\">Download foto af CEO Rikke W\u00fcmpelmann Juhl (JPG, m\u00f8rk baggrund, h\u00f8j opl\u00f8sning) <\/span> <\/a><\/p>\n<p><a href=\"\/wp-content\/uploads\/2024\/01\/VENZO-CEO-Rikke-Wumpelmann-Juhl-HighRes-2.png\">\u2192 <span style=\"text-decoration: underline;\">Download foto af CEO Rikke W\u00fcmpelmann Juhl (PNG, lys baggrund, h\u00f8j opl\u00f8sning) <\/span> <\/a><\/p>\n<p><a href=\"\/wp-content\/uploads\/2024\/01\/VENZO-CEO-Rikke-Wumpelmann-Juhl-HighRes.jpg\"><img decoding=\"async\" class=\"alignleft size-thumbnail wp-image-91472\" src=\"\/wp-content\/uploads\/2024\/01\/VENZO-CEO-Rikke-Wumpelmann-Juhl-HighRes-150x150.jpg?crop=1\" alt=\"\" width=\"150\" height=\"150\" srcset=\"https:\/\/i0.wp.com\/venzo.com\/wp-content\/uploads\/2024\/01\/VENZO-CEO-Rikke-Wumpelmann-Juhl-HighRes.jpg?resize=150%2C150&amp;ssl=1 150w, https:\/\/i0.wp.com\/venzo.com\/wp-content\/uploads\/2024\/01\/VENZO-CEO-Rikke-Wumpelmann-Juhl-HighRes.jpg?resize=348%2C348&amp;ssl=1 348w, https:\/\/i0.wp.com\/venzo.com\/wp-content\/uploads\/2024\/01\/VENZO-CEO-Rikke-Wumpelmann-Juhl-HighRes.jpg?zoom=3&amp;resize=150%2C150&amp;ssl=1 450w\" sizes=\"(max-width: 150px) 100vw, 150px\" \/><\/a><a href=\"\/wp-content\/uploads\/2024\/01\/VENZO-CEO-Rikke-Wumpelmann-Juhl-HighRes-2.png\"><img decoding=\"async\" class=\"alignleft size-thumbnail wp-image-91473\" src=\"\/wp-content\/uploads\/2024\/01\/VENZO-CEO-Rikke-Wumpelmann-Juhl-HighRes-2-150x150.png?crop=1\" alt=\"\" width=\"150\" height=\"150\" srcset=\"https:\/\/i0.wp.com\/venzo.com\/wp-content\/uploads\/2024\/01\/VENZO-CEO-Rikke-Wumpelmann-Juhl-HighRes-2.png?resize=150%2C150&amp;ssl=1 150w, https:\/\/i0.wp.com\/venzo.com\/wp-content\/uploads\/2024\/01\/VENZO-CEO-Rikke-Wumpelmann-Juhl-HighRes-2.png?resize=348%2C348&amp;ssl=1 348w, https:\/\/i0.wp.com\/venzo.com\/wp-content\/uploads\/2024\/01\/VENZO-CEO-Rikke-Wumpelmann-Juhl-HighRes-2.png?zoom=3&amp;resize=150%2C150&amp;ssl=1 450w\" sizes=\"(max-width: 150px) 100vw, 150px\" \/><\/a>[\/vc_column_text][\/vc_column][vc_column column_width_percent=&#8221;100&#8243; gutter_size=&#8221;3&#8243; overlay_alpha=&#8221;50&#8243; shift_x=&#8221;0&#8243; shift_y=&#8221;0&#8243; shift_y_down=&#8221;0&#8243; z_index=&#8221;0&#8243; medium_width=&#8221;0&#8243; mobile_width=&#8221;0&#8243; width=&#8221;1\/2&#8243;][vc_column_text]<\/p>\n<h3>Detaljer om virksomheden<\/h3>\n<p>CVR-nummer: 30492161<br \/>Bank: Nykredit<br \/>Konto: 5471 1874634<\/p>\n<p>IBAN: DK8954710001874634<br \/>SWIFT\/BIC: NYKBDKKK<\/p>\n<p>DUNS: 311314541[\/vc_column_text][\/vc_column][\/vc_row][vc_row unlock_row_content=&#8221;yes&#8221; row_height_percent=&#8221;0&#8243; override_padding=&#8221;yes&#8221; h_padding=&#8221;0&#8243; top_padding=&#8221;0&#8243; bottom_padding=&#8221;0&#8243; overlay_alpha=&#8221;100&#8243; gutter_size=&#8221;0&#8243; style=&#8221;inherited&#8221;][\/vc_row][vc_row unlock_row_content=&#8221;yes&#8221; row_height_percent=&#8221;0&#8243; override_padding=&#8221;yes&#8221; h_padding=&#8221;0&#8243; top_padding=&#8221;0&#8243; bottom_padding=&#8221;0&#8243; overlay_alpha=&#8221;50&#8243; equal_height=&#8221;yes&#8221; gutter_size=&#8221;0&#8243; shift_y=&#8221;0&#8243;][\/vc_row]<\/p>\n<\/div>","protected":false},"excerpt":{"rendered":"<p>[vc_row unlock_row_content=&#8221;yes&#8221; row_height_percent=&#8221;0&#8243; override_padding=&#8221;yes&#8221; h_padding=&#8221;2&#8243; top_padding=&#8221;2&#8243; bottom_padding=&#8221;0&#8243; overlay_alpha=&#8221;50&#8243; gutter_size=&#8221;3&#8243; column_width_percent=&#8221;100&#8243; shift_y=&#8221;0&#8243; z_index=&#8221;0&#8243;][vc_column width=&#8221;1\/1&#8243;][uncode_block id=&#8221;85566&#8243;][\/vc_column][\/vc_row][vc_row row_height_percent=&#8221;0&#8243; override_padding=&#8221;yes&#8221; h_padding=&#8221;2&#8243; top_padding=&#8221;4&#8243; bottom_padding=&#8221;4&#8243; overlay_alpha=&#8221;50&#8243; [&hellip;]<\/p>\n","protected":false},"author":15,"featured_media":0,"parent":0,"menu_order":0,"comment_status":"closed","ping_status":"closed","template":"","meta":{"_price":"","_stock":"","_tribe_ticket_header":"","_tribe_default_ticket_provider":"","_tribe_ticket_capacity":"0","_ticket_start_date":"","_ticket_end_date":"","_tribe_ticket_show_description":"","_tribe_ticket_show_not_going":false,"_tribe_ticket_use_global_stock":"","_tribe_ticket_global_stock_level":"","_global_stock_mode":"","_global_stock_cap":"","_tribe_rsvp_for_event":"","_tribe_ticket_going_count":"","_tribe_ticket_not_going_count":"","_tribe_tickets_list":"[]","_tribe_ticket_has_attendee_info_fields":false,"footnotes":"","_tec_slr_enabled":"","_tec_slr_layout":""},"class_list":["post-96309","page","type-page","status-publish","hentry","page_category-vigtigste"],"yoast_head":"<!-- This site is optimized with the Yoast SEO plugin v27.2 - https:\/\/yoast.com\/product\/yoast-seo-wordpress\/ -->\n<title>Kontakt os - VENZO<\/title>\n<meta name=\"robots\" content=\"index, follow, max-snippet:-1, max-image-preview:large, max-video-preview:-1\" \/>\n<link rel=\"canonical\" href=\"https:\/\/venzo.com\/da\/tag-kontakt-til-os\/\" \/>\n<meta property=\"og:locale\" content=\"da_DK\" \/>\n<meta property=\"og:type\" content=\"article\" \/>\n<meta property=\"og:title\" content=\"Kontakt os - VENZO\" \/>\n<meta property=\"og:description\" content=\"[vc_row unlock_row_content=&#8221;yes&#8221; row_height_percent=&#8221;0&#8243; override_padding=&#8221;yes&#8221; h_padding=&#8221;2&#8243; top_padding=&#8221;2&#8243; bottom_padding=&#8221;0&#8243; overlay_alpha=&#8221;50&#8243; gutter_size=&#8221;3&#8243; column_width_percent=&#8221;100&#8243; shift_y=&#8221;0&#8243; z_index=&#8221;0&#8243;][vc_column width=&#8221;1\/1&#8243;][uncode_block id=&#8221;85566&#8243;][\/vc_column][\/vc_row][vc_row row_height_percent=&#8221;0&#8243; override_padding=&#8221;yes&#8221; h_padding=&#8221;2&#8243; top_padding=&#8221;4&#8243; bottom_padding=&#8221;4&#8243; overlay_alpha=&#8221;50&#8243; [&hellip;]\" \/>\n<meta property=\"og:url\" content=\"https:\/\/venzo.com\/da\/tag-kontakt-til-os\/\" \/>\n<meta property=\"og:site_name\" content=\"VENZO\" \/>\n<meta property=\"article:modified_time\" content=\"2025-06-19T12:29:10+00:00\" \/>\n<meta property=\"og:image\" content=\"https:\/\/i0.wp.com\/venzo.com\/wp-content\/uploads\/2023\/09\/VENZO-entrance-scaled.jpg?fit=2560%2C1707&ssl=1\" \/>\n\t<meta property=\"og:image:width\" content=\"2560\" \/>\n\t<meta property=\"og:image:height\" content=\"1707\" \/>\n\t<meta property=\"og:image:type\" content=\"image\/jpeg\" \/>\n<meta name=\"twitter:card\" content=\"summary_large_image\" \/>\n<script type=\"application\/ld+json\" class=\"yoast-schema-graph\">{\"@context\":\"https:\/\/schema.org\",\"@graph\":[{\"@type\":\"WebPage\",\"@id\":\"https:\/\/venzo.com\/da\/tag-kontakt-til-os\/\",\"url\":\"https:\/\/venzo.com\/da\/tag-kontakt-til-os\/\",\"name\":\"Kontakt os - VENZO\",\"isPartOf\":{\"@id\":\"https:\/\/venzo.com\/da\/#website\"},\"datePublished\":\"2020-11-30T17:41:03+00:00\",\"dateModified\":\"2025-06-19T12:29:10+00:00\",\"breadcrumb\":{\"@id\":\"https:\/\/venzo.com\/da\/tag-kontakt-til-os\/#breadcrumb\"},\"inLanguage\":\"da-DK\",\"potentialAction\":[{\"@type\":\"ReadAction\",\"target\":[\"https:\/\/venzo.com\/da\/tag-kontakt-til-os\/\"]}]},{\"@type\":\"BreadcrumbList\",\"@id\":\"https:\/\/venzo.com\/da\/tag-kontakt-til-os\/#breadcrumb\",\"itemListElement\":[{\"@type\":\"ListItem\",\"position\":1,\"name\":\"Hjem\",\"item\":\"https:\/\/venzo.com\/da\/forsiden-2\/\"},{\"@type\":\"ListItem\",\"position\":2,\"name\":\"Kontakt os\"}]},{\"@type\":\"WebSite\",\"@id\":\"https:\/\/venzo.com\/da\/#website\",\"url\":\"https:\/\/venzo.com\/da\/\",\"name\":\"VENZO - Tech. Change. Today.\",\"description\":\"\u2013 a valantic company\",\"publisher\":{\"@id\":\"https:\/\/venzo.com\/da\/#organization\"},\"alternateName\":\"VENZO\",\"potentialAction\":[{\"@type\":\"SearchAction\",\"target\":{\"@type\":\"EntryPoint\",\"urlTemplate\":\"https:\/\/venzo.com\/da\/?s={search_term_string}\"},\"query-input\":{\"@type\":\"PropertyValueSpecification\",\"valueRequired\":true,\"valueName\":\"search_term_string\"}}],\"inLanguage\":\"da-DK\"},{\"@type\":\"Organization\",\"@id\":\"https:\/\/venzo.com\/da\/#organization\",\"name\":\"VENZO\",\"url\":\"https:\/\/venzo.com\/da\/\",\"logo\":{\"@type\":\"ImageObject\",\"inLanguage\":\"da-DK\",\"@id\":\"https:\/\/venzo.com\/da\/#\/schema\/logo\/image\/\",\"url\":\"https:\/\/i0.wp.com\/venzo.com\/wp-content\/uploads\/2024\/01\/VENZO_logo_round_black_outline_with-tagline_right.png?fit=335%2C199&ssl=1\",\"contentUrl\":\"https:\/\/i0.wp.com\/venzo.com\/wp-content\/uploads\/2024\/01\/VENZO_logo_round_black_outline_with-tagline_right.png?fit=335%2C199&ssl=1\",\"width\":335,\"height\":199,\"caption\":\"VENZO\"},\"image\":{\"@id\":\"https:\/\/venzo.com\/da\/#\/schema\/logo\/image\/\"},\"sameAs\":[\"https:\/\/www.linkedin.com\/company\/venzo-techchangetoday\/\",\"https:\/\/www.instagram.com\/techchangetoday\/\"]}]}<\/script>\n<!-- \/ Yoast SEO plugin. -->","yoast_head_json":{"title":"Kontakt os - VENZO","robots":{"index":"index","follow":"follow","max-snippet":"max-snippet:-1","max-image-preview":"max-image-preview:large","max-video-preview":"max-video-preview:-1"},"canonical":"https:\/\/venzo.com\/da\/tag-kontakt-til-os\/","og_locale":"da_DK","og_type":"article","og_title":"Kontakt os - VENZO","og_description":"[vc_row unlock_row_content=&#8221;yes&#8221; row_height_percent=&#8221;0&#8243; override_padding=&#8221;yes&#8221; h_padding=&#8221;2&#8243; top_padding=&#8221;2&#8243; bottom_padding=&#8221;0&#8243; overlay_alpha=&#8221;50&#8243; gutter_size=&#8221;3&#8243; column_width_percent=&#8221;100&#8243; shift_y=&#8221;0&#8243; z_index=&#8221;0&#8243;][vc_column width=&#8221;1\/1&#8243;][uncode_block id=&#8221;85566&#8243;][\/vc_column][\/vc_row][vc_row row_height_percent=&#8221;0&#8243; override_padding=&#8221;yes&#8221; h_padding=&#8221;2&#8243; top_padding=&#8221;4&#8243; bottom_padding=&#8221;4&#8243; overlay_alpha=&#8221;50&#8243; [&hellip;]","og_url":"https:\/\/venzo.com\/da\/tag-kontakt-til-os\/","og_site_name":"VENZO","article_modified_time":"2025-06-19T12:29:10+00:00","og_image":[{"width":2560,"height":1707,"url":"https:\/\/i0.wp.com\/venzo.com\/wp-content\/uploads\/2023\/09\/VENZO-entrance-scaled.jpg?fit=2560%2C1707&ssl=1","type":"image\/jpeg"}],"twitter_card":"summary_large_image","schema":{"@context":"https:\/\/schema.org","@graph":[{"@type":"WebPage","@id":"https:\/\/venzo.com\/da\/tag-kontakt-til-os\/","url":"https:\/\/venzo.com\/da\/tag-kontakt-til-os\/","name":"Kontakt os - VENZO","isPartOf":{"@id":"https:\/\/venzo.com\/da\/#website"},"datePublished":"2020-11-30T17:41:03+00:00","dateModified":"2025-06-19T12:29:10+00:00","breadcrumb":{"@id":"https:\/\/venzo.com\/da\/tag-kontakt-til-os\/#breadcrumb"},"inLanguage":"da-DK","potentialAction":[{"@type":"ReadAction","target":["https:\/\/venzo.com\/da\/tag-kontakt-til-os\/"]}]},{"@type":"BreadcrumbList","@id":"https:\/\/venzo.com\/da\/tag-kontakt-til-os\/#breadcrumb","itemListElement":[{"@type":"ListItem","position":1,"name":"Hjem","item":"https:\/\/venzo.com\/da\/forsiden-2\/"},{"@type":"ListItem","position":2,"name":"Kontakt os"}]},{"@type":"WebSite","@id":"https:\/\/venzo.com\/da\/#website","url":"https:\/\/venzo.com\/da\/","name":"VENZO - Tech. Change. Today.","description":"\u2013 a valantic company","publisher":{"@id":"https:\/\/venzo.com\/da\/#organization"},"alternateName":"VENZO","potentialAction":[{"@type":"SearchAction","target":{"@type":"EntryPoint","urlTemplate":"https:\/\/venzo.com\/da\/?s={search_term_string}"},"query-input":{"@type":"PropertyValueSpecification","valueRequired":true,"valueName":"search_term_string"}}],"inLanguage":"da-DK"},{"@type":"Organization","@id":"https:\/\/venzo.com\/da\/#organization","name":"VENZO","url":"https:\/\/venzo.com\/da\/","logo":{"@type":"ImageObject","inLanguage":"da-DK","@id":"https:\/\/venzo.com\/da\/#\/schema\/logo\/image\/","url":"https:\/\/i0.wp.com\/venzo.com\/wp-content\/uploads\/2024\/01\/VENZO_logo_round_black_outline_with-tagline_right.png?fit=335%2C199&ssl=1","contentUrl":"https:\/\/i0.wp.com\/venzo.com\/wp-content\/uploads\/2024\/01\/VENZO_logo_round_black_outline_with-tagline_right.png?fit=335%2C199&ssl=1","width":335,"height":199,"caption":"VENZO"},"image":{"@id":"https:\/\/venzo.com\/da\/#\/schema\/logo\/image\/"},"sameAs":["https:\/\/www.linkedin.com\/company\/venzo-techchangetoday\/","https:\/\/www.instagram.com\/techchangetoday\/"]}]}},"jetpack_likes_enabled":false,"jetpack_sharing_enabled":true,"jetpack_shortlink":"https:\/\/wp.me\/Pfqo1F-p3n","ticketed":false,"_links":{"self":[{"href":"https:\/\/venzo.com\/da\/wp-json\/wp\/v2\/pages\/96309","targetHints":{"allow":["GET"]}}],"collection":[{"href":"https:\/\/venzo.com\/da\/wp-json\/wp\/v2\/pages"}],"about":[{"href":"https:\/\/venzo.com\/da\/wp-json\/wp\/v2\/types\/page"}],"author":[{"embeddable":true,"href":"https:\/\/venzo.com\/da\/wp-json\/wp\/v2\/users\/15"}],"replies":[{"embeddable":true,"href":"https:\/\/venzo.com\/da\/wp-json\/wp\/v2\/comments?post=96309"}],"version-history":[{"count":8,"href":"https:\/\/venzo.com\/da\/wp-json\/wp\/v2\/pages\/96309\/revisions"}],"predecessor-version":[{"id":97586,"href":"https:\/\/venzo.com\/da\/wp-json\/wp\/v2\/pages\/96309\/revisions\/97586"}],"wp:attachment":[{"href":"https:\/\/venzo.com\/da\/wp-json\/wp\/v2\/media?parent=96309"}],"curies":[{"name":"wp","href":"https:\/\/api.w.org\/{rel}","templated":true}]}}