{"id":96223,"date":"2021-07-01T13:56:01","date_gmt":"2021-07-01T11:56:01","guid":{"rendered":"https:\/\/venzo.com\/bane-danmark-udnyttelse-af-cloud-funktioner-med-let-haandterbare-infoskaerme\/"},"modified":"2025-06-04T14:01:45","modified_gmt":"2025-06-04T12:01:45","slug":"bane-danmark-udnyttelse-af-cloud-funktioner-med-let-haandterbare-infoskaerme","status":"publish","type":"page","link":"https:\/\/venzo.com\/da\/bane-danmark-udnyttelse-af-cloud-funktioner-med-let-haandterbare-infoskaerme\/","title":{"rendered":"Bane Danmark: Udnyttelse af cloud-funktioner med let h\u00e5ndterbare infosk\u00e6rme"},"content":{"rendered":"<div class=\"wpb-content-wrapper\"><p>[vc_row][vc_column column_width_percent=&#8221;70&#8243; gutter_size=&#8221;3&#8243; overlay_alpha=&#8221;50&#8243; shift_x=&#8221;0&#8243; shift_y=&#8221;0&#8243; shift_y_down=&#8221;0&#8243; z_index=&#8221;0&#8243; medium_width=&#8221;0&#8243; mobile_width=&#8221;0&#8243; width=&#8221;1\/1&#8243;][vc_column_text]<\/p>\n<h1 class=\"p1\"><b>Udfordringen<\/b><\/h1>\n<p><span data-contrast=\"auto\">Banedanmark havde brug for en informationssk\u00e6rmsl\u00f8sning til at vise forskellige browserbaserede sites og dashboards til ledelse, medarbejdere og g\u00e6ster p\u00e5 kontoret. Mere specifikt skulle indholdet variere fra SharePoint-sider, statusmeddelelser, analytiske dashboards eller andre vigtige oplysninger, og det skulle selvf\u00f8lgelig v\u00e6re nemt at justere l\u00f8bende.   <\/span><span data-ccp-props=\"{\"201341983\":0,\"335559739\":0,\"335559740\":240}\"> <\/span><\/p>\n<p><span data-contrast=\"auto\">L\u00f8sningen skulle v\u00e6re billig, men ogs\u00e5 fleksibel og sikker. Banedanmark \u00f8nskede at udnytte de ydelser, de allerede havde p\u00e5 plads fra Microsoft, og prioriterede at holde alt i skyen for at sikre en fremtidssikret l\u00f8sning. Desuden var det vigtigt, at implementeringen var nem og hurtig, at den nemt kunne replikeres, at der kunne tilf\u00f8jes nye sk\u00e6rme, og at sk\u00e6rmene l\u00f8bende kunne omkonfigureres via Intune-scripts.   <\/span><span data-ccp-props=\"{\"201341983\":0,\"335559739\":0,\"335559740\":240}\"> <\/span><\/p>\n<h1><b><span data-contrast=\"auto\">Vores tilgang<\/span><\/b><span data-ccp-props=\"{\"201341983\":0,\"335559739\":0,\"335559740\":240}\"> <\/span><\/h1>\n<p><span data-contrast=\"auto\">I begyndelsen af projektet sikrede en workshop med teknikere fra Banedanmark og VENZO-specialister, at analyse og design blev besluttet i samarbejde. F\u00f8r den endelige implementering blev ops\u00e6tningen afsluttet i et testmilj\u00f8, og implementeringen blev udf\u00f8rt sammen for at etablere en korrekt overdragelse. <\/span><span data-ccp-props=\"{\"201341983\":0,\"335559739\":0,\"335559740\":240}\"> <\/span><\/p>\n<p><span data-contrast=\"auto\">VENZO anbefalede pc-hardware med en sikker Windows 10-installation &#8211; installeret ved hj\u00e6lp af Windows AutoPilot og h\u00e6rdet med enhedskonfigurationspolitikker fra Intune. Microsoft Edge-browseren blev brugt til at vise det \u00f8nskede indhold og blev kontrolleret af Intune Microsoft Edge-politikker. At bruge en pc til infosk\u00e6rmen giver Banedanmark en omkostningseffektiv l\u00f8sning med mindre behov for manuelle konfigurationer.    <\/span><span data-ccp-props=\"{\"201341983\":0,\"335559739\":0,\"335559740\":240}\"> <\/span><\/p>\n<p><span data-contrast=\"auto\">For at undg\u00e5 fejl og fejltilg\u00e6ngelighed implementerede VENZO auto-login med en begr\u00e6nset lokal bruger, som skabte mulighed for at genstarte pc&#8217;er uden manuelt login, samt sikrede, at kun en enkelt bruger havde adgang til pc&#8217;en. Det betyder, at andre brugere af Banedanmark ikke ved et uheld (eller med vilje) kan bruge infosk\u00e6rms-pc&#8217;en til andre form\u00e5l. Endnu vigtigere er det, at lokale brugere ikke f\u00e5r adgang til resten af Banedanmarks dom\u00e6ne.    <\/span><span data-ccp-props=\"{\"201341983\":0,\"335559739\":0,\"335559740\":240}\"> <\/span><\/p>\n<p><span data-contrast=\"auto\">L\u00f8sningen var konfigureret i en ops\u00e6tning, hvor informationssk\u00e6rmens pc&#8217;er kun findes i Azure AD og ikke er tilf\u00f8jet til Banedanmarks Active Directory.<\/span><span data-ccp-props=\"{\"201341983\":0,\"335559739\":0,\"335559740\":240}\"> <\/span><\/p>\n<h1><b><span data-contrast=\"auto\">Resultatet<\/span><\/b><span data-ccp-props=\"{\"201341983\":0,\"335559739\":0,\"335559740\":240}\"> <\/span><\/h1>\n<p><span data-contrast=\"auto\">PC-l\u00f8sningen hjalp Banedanmark med at forst\u00e6rke den interne kommunikation med en fleksibel og omkostningseffektiv ops\u00e6tning. VENZO&#8217;s l\u00f8sning g\u00f8r det ogs\u00e5 muligt for Banedanmark at genbruge gamle computere som informationssk\u00e6rme ved hj\u00e6lp af eksisterende Microsoft Cloud-tjenester. Det forl\u00e6nger levetiden for brugt hardware, og Banedanmark undg\u00e5r at skulle k\u00f8be dedikerede sk\u00e6rme med begr\u00e6nsede brugsscenarier, der kr\u00e6ver en kompleks konfiguration.    <\/span><span data-ccp-props=\"{\"201341983\":0,\"335559739\":0,\"335559740\":240}\"> <\/span><\/p>\n<p><span data-contrast=\"auto\">Endelig er l\u00f8sningen cloudbaseret og integreret i Banedanmarks eksisterende infrastruktur for at sikre l\u00f8bende tilpasning til nye behov, udfordringer og muligheder.  <\/span><span data-ccp-props=\"{\"201341983\":0,\"335559739\":0,\"335559740\":240}\"> <\/span>[\/vc_column_text][vc_column_text]<i><span data-contrast=\"auto\">Banedanmark (BDK) er et statsligt organ under det danske transportministerium. Banedanmark <\/span><\/i><i><span data-contrast=\"none\">holder togene p\u00e5 sporet 24 timer i d\u00f8gnet, \u00e5ret rundt. De s\u00f8rger for, at spor, signaler og sikkerhedssystemer vedligeholdes korrekt, renoverer netv\u00e6rket og bygger nye str\u00e6kninger. De overv\u00e5ger ogs\u00e5 togtrafikken og styrer togene ind og ud af stationer og p\u00e5 tv\u00e6rs af hele jernbanenettet.   <\/span><\/i><i><span data-contrast=\"auto\">BDK er ansvarlig for 3.102 km jernbanespor. BDK har 2.300 ansatte med kontorer over hele Danmark og hovedkontor i K\u00f8benhavn. <\/span><\/i><span data-ccp-props=\"{\"201341983\":0,\"335559739\":0,\"335559740\":240}\"> <\/span><\/p>\n<p>&nbsp;<\/p>\n<p class=\"p3\"><strong>For mere information om l\u00f8sningen, kontakt venligst:<\/strong><\/p>\n<p><strong>S\u00f8ren S\u00f6nnichsen<\/strong><br \/>\nEndpoint Management Lead Architect<br \/>\n<a href=\"mailto:sso@venzo.com\">sso@venzo.com<\/a>[\/vc_column_text][\/vc_column][\/vc_row]<\/p>\n<\/div>","protected":false},"excerpt":{"rendered":"<p>[vc_row][vc_column column_width_percent=&#8221;70&#8243; gutter_size=&#8221;3&#8243; overlay_alpha=&#8221;50&#8243; shift_x=&#8221;0&#8243; shift_y=&#8221;0&#8243; shift_y_down=&#8221;0&#8243; z_index=&#8221;0&#8243; medium_width=&#8221;0&#8243; mobile_width=&#8221;0&#8243; width=&#8221;1\/1&#8243;][vc_column_text] Udfordringen Banedanmark havde brug for en informationssk\u00e6rmsl\u00f8sning til at [&hellip;]<\/p>\n","protected":false},"author":3,"featured_media":0,"parent":0,"menu_order":0,"comment_status":"closed","ping_status":"closed","template":"","meta":{"_price":"","_stock":"","_tribe_ticket_header":"","_tribe_default_ticket_provider":"","_tribe_ticket_capacity":"0","_ticket_start_date":"","_ticket_end_date":"","_tribe_ticket_show_description":"","_tribe_ticket_show_not_going":false,"_tribe_ticket_use_global_stock":"","_tribe_ticket_global_stock_level":"","_global_stock_mode":"","_global_stock_cap":"","_tribe_rsvp_for_event":"","_tribe_ticket_going_count":"","_tribe_ticket_not_going_count":"","_tribe_tickets_list":"[]","_tribe_ticket_has_attendee_info_fields":false,"footnotes":"","_tec_slr_enabled":"","_tec_slr_layout":""},"class_list":["post-96223","page","type-page","status-publish","hentry","page_category-case-historier"],"yoast_head":"<!-- This site is optimized with the Yoast SEO plugin v27.3 - https:\/\/yoast.com\/product\/yoast-seo-wordpress\/ -->\n<title>Bane Danmark: Udnyttelse af cloud-funktioner med let h\u00e5ndterbare infosk\u00e6rme - VENZO<\/title>\n<meta name=\"robots\" content=\"index, follow, max-snippet:-1, max-image-preview:large, max-video-preview:-1\" \/>\n<link rel=\"canonical\" href=\"https:\/\/venzo.com\/da\/bane-danmark-udnyttelse-af-cloud-funktioner-med-let-haandterbare-infoskaerme\/\" \/>\n<meta property=\"og:locale\" content=\"da_DK\" \/>\n<meta property=\"og:type\" content=\"article\" \/>\n<meta property=\"og:title\" content=\"Bane Danmark: Udnyttelse af cloud-funktioner med let h\u00e5ndterbare infosk\u00e6rme - VENZO\" \/>\n<meta property=\"og:description\" content=\"[vc_row][vc_column column_width_percent=&#8221;70&#8243; gutter_size=&#8221;3&#8243; overlay_alpha=&#8221;50&#8243; shift_x=&#8221;0&#8243; shift_y=&#8221;0&#8243; shift_y_down=&#8221;0&#8243; z_index=&#8221;0&#8243; medium_width=&#8221;0&#8243; mobile_width=&#8221;0&#8243; width=&#8221;1\/1&#8243;][vc_column_text] Udfordringen Banedanmark havde brug for en informationssk\u00e6rmsl\u00f8sning til at [&hellip;]\" \/>\n<meta property=\"og:url\" content=\"https:\/\/venzo.com\/da\/bane-danmark-udnyttelse-af-cloud-funktioner-med-let-haandterbare-infoskaerme\/\" \/>\n<meta property=\"og:site_name\" content=\"VENZO\" \/>\n<meta property=\"article:modified_time\" content=\"2025-06-04T12:01:45+00:00\" \/>\n<meta property=\"og:image\" content=\"https:\/\/i0.wp.com\/venzo.com\/wp-content\/uploads\/2023\/09\/VENZO-entrance-scaled.jpg?fit=2560%2C1707&ssl=1\" \/>\n\t<meta property=\"og:image:width\" content=\"2560\" \/>\n\t<meta property=\"og:image:height\" content=\"1707\" \/>\n\t<meta property=\"og:image:type\" content=\"image\/jpeg\" \/>\n<meta name=\"twitter:card\" content=\"summary_large_image\" \/>\n<script type=\"application\/ld+json\" class=\"yoast-schema-graph\">{\"@context\":\"https:\\\/\\\/schema.org\",\"@graph\":[{\"@type\":\"WebPage\",\"@id\":\"https:\\\/\\\/venzo.com\\\/da\\\/bane-danmark-udnyttelse-af-cloud-funktioner-med-let-haandterbare-infoskaerme\\\/\",\"url\":\"https:\\\/\\\/venzo.com\\\/da\\\/bane-danmark-udnyttelse-af-cloud-funktioner-med-let-haandterbare-infoskaerme\\\/\",\"name\":\"Bane Danmark: Udnyttelse af cloud-funktioner med let h\u00e5ndterbare infosk\u00e6rme - VENZO\",\"isPartOf\":{\"@id\":\"https:\\\/\\\/venzo.com\\\/da\\\/#website\"},\"datePublished\":\"2021-07-01T11:56:01+00:00\",\"dateModified\":\"2025-06-04T12:01:45+00:00\",\"breadcrumb\":{\"@id\":\"https:\\\/\\\/venzo.com\\\/da\\\/bane-danmark-udnyttelse-af-cloud-funktioner-med-let-haandterbare-infoskaerme\\\/#breadcrumb\"},\"inLanguage\":\"da-DK\",\"potentialAction\":[{\"@type\":\"ReadAction\",\"target\":[\"https:\\\/\\\/venzo.com\\\/da\\\/bane-danmark-udnyttelse-af-cloud-funktioner-med-let-haandterbare-infoskaerme\\\/\"]}]},{\"@type\":\"BreadcrumbList\",\"@id\":\"https:\\\/\\\/venzo.com\\\/da\\\/bane-danmark-udnyttelse-af-cloud-funktioner-med-let-haandterbare-infoskaerme\\\/#breadcrumb\",\"itemListElement\":[{\"@type\":\"ListItem\",\"position\":1,\"name\":\"Hjem\",\"item\":\"https:\\\/\\\/venzo.com\\\/da\\\/forsiden-2\\\/\"},{\"@type\":\"ListItem\",\"position\":2,\"name\":\"Bane Danmark: Udnyttelse af cloud-funktioner med let h\u00e5ndterbare infosk\u00e6rme\"}]},{\"@type\":\"WebSite\",\"@id\":\"https:\\\/\\\/venzo.com\\\/da\\\/#website\",\"url\":\"https:\\\/\\\/venzo.com\\\/da\\\/\",\"name\":\"VENZO - Tech. Change. Today.\",\"description\":\"\u2013 a valantic company\",\"publisher\":{\"@id\":\"https:\\\/\\\/venzo.com\\\/da\\\/#organization\"},\"alternateName\":\"VENZO\",\"potentialAction\":[{\"@type\":\"SearchAction\",\"target\":{\"@type\":\"EntryPoint\",\"urlTemplate\":\"https:\\\/\\\/venzo.com\\\/da\\\/?s={search_term_string}\"},\"query-input\":{\"@type\":\"PropertyValueSpecification\",\"valueRequired\":true,\"valueName\":\"search_term_string\"}}],\"inLanguage\":\"da-DK\"},{\"@type\":\"Organization\",\"@id\":\"https:\\\/\\\/venzo.com\\\/da\\\/#organization\",\"name\":\"VENZO\",\"url\":\"https:\\\/\\\/venzo.com\\\/da\\\/\",\"logo\":{\"@type\":\"ImageObject\",\"inLanguage\":\"da-DK\",\"@id\":\"https:\\\/\\\/venzo.com\\\/da\\\/#\\\/schema\\\/logo\\\/image\\\/\",\"url\":\"https:\\\/\\\/i0.wp.com\\\/venzo.com\\\/wp-content\\\/uploads\\\/2024\\\/01\\\/VENZO_logo_round_black_outline_with-tagline_right.png?fit=335%2C199&ssl=1\",\"contentUrl\":\"https:\\\/\\\/i0.wp.com\\\/venzo.com\\\/wp-content\\\/uploads\\\/2024\\\/01\\\/VENZO_logo_round_black_outline_with-tagline_right.png?fit=335%2C199&ssl=1\",\"width\":335,\"height\":199,\"caption\":\"VENZO\"},\"image\":{\"@id\":\"https:\\\/\\\/venzo.com\\\/da\\\/#\\\/schema\\\/logo\\\/image\\\/\"},\"sameAs\":[\"https:\\\/\\\/www.linkedin.com\\\/company\\\/venzo-techchangetoday\\\/\",\"https:\\\/\\\/www.instagram.com\\\/techchangetoday\\\/\"]}]}<\/script>\n<!-- \/ Yoast SEO plugin. -->","yoast_head_json":{"title":"Bane Danmark: Udnyttelse af cloud-funktioner med let h\u00e5ndterbare infosk\u00e6rme - VENZO","robots":{"index":"index","follow":"follow","max-snippet":"max-snippet:-1","max-image-preview":"max-image-preview:large","max-video-preview":"max-video-preview:-1"},"canonical":"https:\/\/venzo.com\/da\/bane-danmark-udnyttelse-af-cloud-funktioner-med-let-haandterbare-infoskaerme\/","og_locale":"da_DK","og_type":"article","og_title":"Bane Danmark: Udnyttelse af cloud-funktioner med let h\u00e5ndterbare infosk\u00e6rme - VENZO","og_description":"[vc_row][vc_column column_width_percent=&#8221;70&#8243; gutter_size=&#8221;3&#8243; overlay_alpha=&#8221;50&#8243; shift_x=&#8221;0&#8243; shift_y=&#8221;0&#8243; shift_y_down=&#8221;0&#8243; z_index=&#8221;0&#8243; medium_width=&#8221;0&#8243; mobile_width=&#8221;0&#8243; width=&#8221;1\/1&#8243;][vc_column_text] Udfordringen Banedanmark havde brug for en informationssk\u00e6rmsl\u00f8sning til at [&hellip;]","og_url":"https:\/\/venzo.com\/da\/bane-danmark-udnyttelse-af-cloud-funktioner-med-let-haandterbare-infoskaerme\/","og_site_name":"VENZO","article_modified_time":"2025-06-04T12:01:45+00:00","og_image":[{"width":2560,"height":1707,"url":"https:\/\/i0.wp.com\/venzo.com\/wp-content\/uploads\/2023\/09\/VENZO-entrance-scaled.jpg?fit=2560%2C1707&ssl=1","type":"image\/jpeg"}],"twitter_card":"summary_large_image","schema":{"@context":"https:\/\/schema.org","@graph":[{"@type":"WebPage","@id":"https:\/\/venzo.com\/da\/bane-danmark-udnyttelse-af-cloud-funktioner-med-let-haandterbare-infoskaerme\/","url":"https:\/\/venzo.com\/da\/bane-danmark-udnyttelse-af-cloud-funktioner-med-let-haandterbare-infoskaerme\/","name":"Bane Danmark: Udnyttelse af cloud-funktioner med let h\u00e5ndterbare infosk\u00e6rme - VENZO","isPartOf":{"@id":"https:\/\/venzo.com\/da\/#website"},"datePublished":"2021-07-01T11:56:01+00:00","dateModified":"2025-06-04T12:01:45+00:00","breadcrumb":{"@id":"https:\/\/venzo.com\/da\/bane-danmark-udnyttelse-af-cloud-funktioner-med-let-haandterbare-infoskaerme\/#breadcrumb"},"inLanguage":"da-DK","potentialAction":[{"@type":"ReadAction","target":["https:\/\/venzo.com\/da\/bane-danmark-udnyttelse-af-cloud-funktioner-med-let-haandterbare-infoskaerme\/"]}]},{"@type":"BreadcrumbList","@id":"https:\/\/venzo.com\/da\/bane-danmark-udnyttelse-af-cloud-funktioner-med-let-haandterbare-infoskaerme\/#breadcrumb","itemListElement":[{"@type":"ListItem","position":1,"name":"Hjem","item":"https:\/\/venzo.com\/da\/forsiden-2\/"},{"@type":"ListItem","position":2,"name":"Bane Danmark: Udnyttelse af cloud-funktioner med let h\u00e5ndterbare infosk\u00e6rme"}]},{"@type":"WebSite","@id":"https:\/\/venzo.com\/da\/#website","url":"https:\/\/venzo.com\/da\/","name":"VENZO - Tech. Change. Today.","description":"\u2013 a valantic company","publisher":{"@id":"https:\/\/venzo.com\/da\/#organization"},"alternateName":"VENZO","potentialAction":[{"@type":"SearchAction","target":{"@type":"EntryPoint","urlTemplate":"https:\/\/venzo.com\/da\/?s={search_term_string}"},"query-input":{"@type":"PropertyValueSpecification","valueRequired":true,"valueName":"search_term_string"}}],"inLanguage":"da-DK"},{"@type":"Organization","@id":"https:\/\/venzo.com\/da\/#organization","name":"VENZO","url":"https:\/\/venzo.com\/da\/","logo":{"@type":"ImageObject","inLanguage":"da-DK","@id":"https:\/\/venzo.com\/da\/#\/schema\/logo\/image\/","url":"https:\/\/i0.wp.com\/venzo.com\/wp-content\/uploads\/2024\/01\/VENZO_logo_round_black_outline_with-tagline_right.png?fit=335%2C199&ssl=1","contentUrl":"https:\/\/i0.wp.com\/venzo.com\/wp-content\/uploads\/2024\/01\/VENZO_logo_round_black_outline_with-tagline_right.png?fit=335%2C199&ssl=1","width":335,"height":199,"caption":"VENZO"},"image":{"@id":"https:\/\/venzo.com\/da\/#\/schema\/logo\/image\/"},"sameAs":["https:\/\/www.linkedin.com\/company\/venzo-techchangetoday\/","https:\/\/www.instagram.com\/techchangetoday\/"]}]}},"jetpack_likes_enabled":false,"jetpack_sharing_enabled":true,"jetpack_shortlink":"https:\/\/wp.me\/Pfqo1F-p1Z","ticketed":false,"_links":{"self":[{"href":"https:\/\/venzo.com\/da\/wp-json\/wp\/v2\/pages\/96223","targetHints":{"allow":["GET"]}}],"collection":[{"href":"https:\/\/venzo.com\/da\/wp-json\/wp\/v2\/pages"}],"about":[{"href":"https:\/\/venzo.com\/da\/wp-json\/wp\/v2\/types\/page"}],"author":[{"embeddable":true,"href":"https:\/\/venzo.com\/da\/wp-json\/wp\/v2\/users\/3"}],"replies":[{"embeddable":true,"href":"https:\/\/venzo.com\/da\/wp-json\/wp\/v2\/comments?post=96223"}],"version-history":[{"count":6,"href":"https:\/\/venzo.com\/da\/wp-json\/wp\/v2\/pages\/96223\/revisions"}],"predecessor-version":[{"id":97294,"href":"https:\/\/venzo.com\/da\/wp-json\/wp\/v2\/pages\/96223\/revisions\/97294"}],"wp:attachment":[{"href":"https:\/\/venzo.com\/da\/wp-json\/wp\/v2\/media?parent=96223"}],"curies":[{"name":"wp","href":"https:\/\/api.w.org\/{rel}","templated":true}]}}