{"id":91327,"date":"2023-12-06T13:33:29","date_gmt":"2023-12-06T12:33:29","guid":{"rendered":"https:\/\/venzo.com\/?password-protected=login&#038;redirect_to=https%3A%2F%2Fwww.venzo.com%2F\/?page_id=91327"},"modified":"2024-03-13T13:10:57","modified_gmt":"2024-03-13T12:10:57","slug":"datasikkerhed-ai","status":"publish","type":"page","link":"https:\/\/venzo.com\/da\/datasikkerhed-ai\/","title":{"rendered":"Datasikkerhed og AI v\u00e6rkt\u00f8jer"},"content":{"rendered":"<div class=\"wpb-content-wrapper\"><p>[vc_row unlock_row_content=&#8221;yes&#8221; row_height_percent=&#8221;30&#8243; override_padding=&#8221;yes&#8221; h_padding=&#8221;2&#8243; top_padding=&#8221;3&#8243; bottom_padding=&#8221;3&#8243; back_color=&#8221;color-482803&#8243; overlay_alpha=&#8221;50&#8243; gutter_size=&#8221;3&#8243; column_width_percent=&#8221;100&#8243; shift_y=&#8221;0&#8243; z_index=&#8221;0&#8243; uncode_shortcode_id=&#8221;512152&#8243; back_color_type=&#8221;uncode-palette&#8221;][vc_column column_width_percent=&#8221;100&#8243; align_horizontal=&#8221;align_center&#8221; gutter_size=&#8221;3&#8243; overlay_alpha=&#8221;50&#8243; shift_x=&#8221;0&#8243; shift_y=&#8221;0&#8243; shift_y_down=&#8221;0&#8243; z_index=&#8221;0&#8243; medium_width=&#8221;0&#8243; mobile_width=&#8221;0&#8243; width=&#8221;1\/3&#8243; uncode_shortcode_id=&#8221;873738&#8243;][vc_custom_heading text_color=&#8221;color-632047&#8243; heading_semantic=&#8221;p&#8221; text_font=&#8221;font-142456&#8243; text_size=&#8221;h4&#8243; text_weight=&#8221;400&#8243; text_space=&#8221;fontspace-210350&#8243; sub_reduced=&#8221;yes&#8221; uncode_shortcode_id=&#8221;122425&#8243; text_color_type=&#8221;uncode-palette&#8221;]AI og DATASIKKERHED[\/vc_custom_heading][vc_custom_heading text_color=&#8221;color-xsdn&#8221; heading_semantic=&#8221;h1&#8243; text_size=&#8221;fontsize-155944&#8243; uncode_shortcode_id=&#8221;256548&#8243; text_color_type=&#8221;uncode-palette&#8221;]<strong>F\u00e5 styr p\u00e5 jeres datasikkerhed<br \/>\n<\/strong><span style=\"color: #acd3db;\"><strong>s\u00e5 I kan udnytte AI med ro i maven<\/strong><\/span>[\/vc_custom_heading][vc_single_image media=&#8221;82622&#8243; media_width_use_pixel=&#8221;yes&#8221; alignment=&#8221;center&#8221; uncode_shortcode_id=&#8221;199830&#8243; media_width_pixel=&#8221;160&#8243;][\/vc_column][\/vc_row][vc_row unlock_row_content=&#8221;yes&#8221; row_height_percent=&#8221;0&#8243; override_padding=&#8221;yes&#8221; h_padding=&#8221;0&#8243; top_padding=&#8221;0&#8243; bottom_padding=&#8221;0&#8243; overlay_alpha=&#8221;50&#8243; equal_height=&#8221;yes&#8221; gutter_size=&#8221;0&#8243; column_width_percent=&#8221;100&#8243; shift_y=&#8221;0&#8243; z_index=&#8221;0&#8243; el_class=&#8221;inverted-device-order&#8221;][vc_column column_width_use_pixel=&#8221;yes&#8221; gutter_size=&#8221;3&#8243; override_padding=&#8221;yes&#8221; column_padding=&#8221;5&#8243; overlay_alpha=&#8221;50&#8243; shift_x=&#8221;0&#8243; shift_y=&#8221;0&#8243; shift_y_down=&#8221;0&#8243; z_index=&#8221;0&#8243; medium_width=&#8221;0&#8243; mobile_width=&#8221;0&#8243; width=&#8221;1\/2&#8243; column_width_pixel=&#8221;528&#8243;][vc_custom_heading text_size=&#8221;h1&#8243; uncode_shortcode_id=&#8221;174012&#8243;]<\/p>\n<h2>Alt for mange virksomheder kaster sig ud i brug af AI-v\u00e6rkt\u00f8jer uden at have styr p\u00e5, hvilke data der kan bruges eller bliver brugt.<\/h2>\n<p>[\/vc_custom_heading][vc_column_text uncode_shortcode_id=&#8221;135913&#8243;]<\/p>\n<ul>\n<li>Hvilke AI-v\u00e6rkt\u00f8jer tillader I at bruge?<\/li>\n<li>Har I sikret jer mod u\u00f8nskede datal\u00e6k, n\u00e5r medarbejdere g\u00f8r brug af AI-v\u00e6rkt\u00f8jerne?<\/li>\n<li>Har I en plan for, hvordan I sikrer jeres data mod misbrug i nye eller kommende AI-v\u00e6rkt\u00f8jer?<\/li>\n<li>Hvad g\u00f8r I n\u00e5r\/hvis data bliver l\u00e6kket eller misbrugt?<\/li>\n<\/ul>\n<p>[\/vc_column_text][vc_empty_space empty_h=&#8221;1&#8243;][\/vc_column][vc_column column_width_percent=&#8221;100&#8243; gutter_size=&#8221;3&#8243; back_image=&#8221;91442&#8243; overlay_alpha=&#8221;50&#8243; shift_x=&#8221;0&#8243; shift_y=&#8221;0&#8243; shift_y_down=&#8221;0&#8243; z_index=&#8221;0&#8243; medium_width=&#8221;0&#8243; mobile_width=&#8221;0&#8243; width=&#8221;1\/2&#8243; mobile_height=&#8221;340&#8243; uncode_shortcode_id=&#8221;123796&#8243;][\/vc_column][\/vc_row][vc_row row_height_percent=&#8221;50&#8243; override_padding=&#8221;yes&#8221; h_padding=&#8221;2&#8243; top_padding=&#8221;5&#8243; bottom_padding=&#8221;5&#8243; overlay_color=&#8221;color-uydo&#8221; overlay_alpha=&#8221;50&#8243; gutter_size=&#8221;100&#8243; column_width_percent=&#8221;100&#8243; shift_y=&#8221;0&#8243; z_index=&#8221;0&#8243; top_divider=&#8221;gradient&#8221; style=&#8221;inherited&#8221; uncode_shortcode_id=&#8221;156774&#8243; back_color_type=&#8221;uncode-solid&#8221; back_color_solid=&#8221;#acd7e6&#8243; overlay_color_type=&#8221;uncode-palette&#8221;][vc_column column_width_use_pixel=&#8221;yes&#8221; position_vertical=&#8221;middle&#8221; align_horizontal=&#8221;align_center&#8221; gutter_size=&#8221;2&#8243; style=&#8221;dark&#8221; overlay_alpha=&#8221;100&#8243; shift_x=&#8221;0&#8243; shift_y=&#8221;0&#8243; shift_y_down=&#8221;0&#8243; z_index=&#8221;0&#8243; medium_width=&#8221;0&#8243; mobile_width=&#8221;0&#8243; zoom_width=&#8221;0&#8243; zoom_height=&#8221;0&#8243; width=&#8221;1\/1&#8243; column_width_pixel=&#8221;900&#8243;][vc_custom_heading heading_semantic=&#8221;h3&#8243; text_size=&#8221;fontsize-155944&#8243; uncode_shortcode_id=&#8221;201599&#8243;]<span style=\"color: #170f4f;\">F\u00e5 45 minutters gratis r\u00e5dgivning<\/span>[\/vc_custom_heading][vc_column_text text_lead=&#8221;yes&#8221; uncode_shortcode_id=&#8221;638948&#8243;]<span style=\"color: #170f4f;\">F\u00e5 en uvildig vurdering af jeres datasikkerhed, s\u00e5 du ved, hvad du skal prioritere af tiltag. Book en tid med vores sikkerhedseksperter nu! (vi kan ikke garantere en ledig tid, hvis konsulenterne pludselig tilknyttes andre kundeprojekter p\u00e5 fuld tid).<\/span>[\/vc_column_text][vc_empty_space empty_h=&#8221;1&#8243;][vc_button button_color=&#8221;accent&#8221; size=&#8221;btn-lg&#8221; text_skin=&#8221;yes&#8221; border_width=&#8221;0&#8243; link=&#8221;url:https%3A%2F%2Foutlook.office365.com%2Fbook%2FVENZO%40venzo.onmicrosoft.com%2Fs%2Fmn7jc6sdi0OAjXBoAMbQ4Q2|target:_blank&#8221; button_color_type=&#8221;uncode-palette&#8221; uncode_shortcode_id=&#8221;139575&#8243;]Reserver 45 minutters gratis r\u00e5dgivning nu[\/vc_button][\/vc_column][\/vc_row][vc_row unlock_row_content=&#8221;yes&#8221; row_height_percent=&#8221;0&#8243; override_padding=&#8221;yes&#8221; h_padding=&#8221;5&#8243; top_padding=&#8221;5&#8243; bottom_padding=&#8221;5&#8243; overlay_alpha=&#8221;50&#8243; gutter_size=&#8221;0&#8243; column_width_percent=&#8221;100&#8243; shift_y=&#8221;0&#8243; z_index=&#8221;0&#8243; el_class=&#8221;inverted-device-order&#8221;][vc_column column_width_percent=&#8221;100&#8243; position_vertical=&#8221;middle&#8221; gutter_size=&#8221;3&#8243; overlay_alpha=&#8221;50&#8243; shift_x=&#8221;3&#8243; shift_y=&#8221;0&#8243; shift_y_down=&#8221;0&#8243; z_index=&#8221;2&#8243; medium_width=&#8221;0&#8243; mobile_width=&#8221;0&#8243; width=&#8221;2\/3&#8243;][vc_empty_space empty_h=&#8221;2&#8243;][vc_custom_heading heading_semantic=&#8221;h3&#8243; text_size=&#8221;fontsize-155944&#8243; sub_lead=&#8221;yes&#8221; subheading=&#8221;\u2014 Peter Trier J\u00f8rgensen, Security and Compliance Architect&#8221; uncode_shortcode_id=&#8221;208852&#8243;]&#8221; AI er allerede alle vegne og derfor er det ogs\u00e5 kun et sp\u00f8rgsm\u00e5l om tid f\u00f8r AI ogs\u00e5 bliver skyld i b\u00e5de sm\u00e5 og destruktive datal\u00e6k. &#8221;[\/vc_custom_heading][\/vc_column][vc_column column_width_percent=&#8221;100&#8243; position_vertical=&#8221;middle&#8221; gutter_size=&#8221;3&#8243; overlay_alpha=&#8221;50&#8243; shift_x=&#8221;-3&#8243; shift_y=&#8221;0&#8243; shift_y_down=&#8221;0&#8243; z_index=&#8221;0&#8243; medium_width=&#8221;0&#8243; mobile_width=&#8221;0&#8243; width=&#8221;1\/3&#8243;][vc_single_image media=&#8221;91407&#8243; media_width_percent=&#8221;100&#8243; media_ratio=&#8221;four-three&#8221; shadow=&#8221;yes&#8221; shadow_weight=&#8221;lg&#8221; uncode_shortcode_id=&#8221;187275&#8243;][\/vc_column][\/vc_row][vc_row row_height_percent=&#8221;0&#8243; override_padding=&#8221;yes&#8221; h_padding=&#8221;2&#8243; top_padding=&#8221;5&#8243; bottom_padding=&#8221;3&#8243; back_color=&#8221;color-lxmt&#8221; overlay_alpha=&#8221;100&#8243; gutter_size=&#8221;3&#8243; column_width_percent=&#8221;100&#8243; shift_y=&#8221;0&#8243; z_index=&#8221;0&#8243; row_height_use_pixel=&#8221;&#8221; uncode_shortcode_id=&#8221;103022&#8243; back_color_type=&#8221;uncode-palette&#8221;][vc_column column_width_use_pixel=&#8221;yes&#8221; gutter_size=&#8221;3&#8243; overlay_alpha=&#8221;50&#8243; shift_x=&#8221;0&#8243; shift_y=&#8221;0&#8243; medium_width=&#8221;0&#8243; zoom_width=&#8221;0&#8243; zoom_height=&#8221;0&#8243; column_width_pixel=&#8221;800&#8243; width=&#8221;1\/2&#8243;][vc_custom_heading text_font=&#8221;font-142456&#8243; text_size=&#8221;h3&#8243; text_weight=&#8221;400&#8243; uncode_shortcode_id=&#8221;469374&#8243;]<\/p>\n<h2><span style=\"color: #c99a79;\">Faktum #01<\/span><\/h2>\n<p>[\/vc_custom_heading][vc_column_text uncode_shortcode_id=&#8221;311126&#8243;]<\/p>\n<h3>AI er fantastisk og bliver en del af dagligdagen<\/h3>\n<p>Generative AI-l\u00f8sninger som Copilot og ChatGPT er kommet for at blive.<\/p>\n<p>Dine medarbejdere og kolleger er allerede i gang med at g\u00f8re dem til en fast del af deres daglige arbejde, med eller uden en AI strategi eller sikkerhedspolitikker, der tager h\u00f8jde for AI i jeres organisation.<\/p>\n<p>AI er grundl\u00e6ggende en god ting, for det giver enorme muligheder for at arbejde langt mere effektivt og kan meget vel blive et afg\u00f8rende aktiv for din virksomhed og jeres konkurrencedygtighed.[\/vc_column_text][\/vc_column][vc_column width=&#8221;1\/2&#8243;][vc_custom_heading uncode_shortcode_id=&#8221;203855&#8243;]<\/p>\n<h2><span style=\"color: #c99a79;\">Faktum #02<\/span><\/h2>\n<p>[\/vc_custom_heading][vc_column_text uncode_shortcode_id=&#8221;117861&#8243;]<\/p>\n<h3><strong>AI \u00e5bner en ny sikkerhedsflanke<\/strong><\/h3>\n<p>AI medf\u00f8rer ogs\u00e5 en \u00f8get risiko for databrud. Services som ChatGPT, Bing Chat og Bard kan bruge de informationer, man giver dem, som tr\u00e6nings materiale. Det betyder, at de kan gemme og videregive oplysningerne til personer uden for jeres virksomhed.\u00a0Derfor kan jeres datafortrolighed blive brudt, n\u00e5r medarbejdere bruger disse nye teknologier.<\/p>\n<p>L\u00f8noplysninger, personf\u00f8lsomme oplysninger, finansielle og strategiske papirer og lignende data, som er gemt uden tilstr\u00e6kkelig datasikkerhedskontrol, kan komme medarbejdere i organisationen i h\u00e6nde via generativ AI.[\/vc_column_text][\/vc_column][\/vc_row][vc_row row_height_percent=&#8221;0&#8243; override_padding=&#8221;yes&#8221; h_padding=&#8221;2&#8243; top_padding=&#8221;5&#8243; bottom_padding=&#8221;5&#8243; overlay_alpha=&#8221;50&#8243; gutter_size=&#8221;4&#8243; column_width_percent=&#8221;100&#8243; shift_y=&#8221;0&#8243; z_index=&#8221;0&#8243; uncode_shortcode_id=&#8221;124396&#8243;][vc_column column_width_percent=&#8221;100&#8243; position_horizontal=&#8221;left&#8221; position_vertical=&#8221;middle&#8221; gutter_size=&#8221;3&#8243; font_family=&#8221;font-136269&#8243; overlay_alpha=&#8221;50&#8243; shift_x=&#8221;0&#8243; shift_y=&#8221;0&#8243; shift_y_down=&#8221;0&#8243; z_index=&#8221;0&#8243; medium_width=&#8221;4&#8243; align_mobile=&#8221;align_center_mobile&#8221; mobile_width=&#8221;0&#8243; width=&#8221;1\/2&#8243; uncode_shortcode_id=&#8221;573911&#8243;][vc_single_image media=&#8221;91446&#8243; media_width_percent=&#8221;100&#8243; uncode_shortcode_id=&#8221;778052&#8243;][\/vc_column][vc_column width=&#8221;1\/2&#8243;][vc_column_text uncode_shortcode_id=&#8221;190717&#8243;]<\/p>\n<h3><strong>Vi ved, hvad vi snakker om<\/strong><\/h3>\n<p>VENZO er blandt de bedste i klassen, n\u00e5r det kommer til Microsoft-sikkerhed.<\/p>\n<ul style=\"font-weight: 400;\">\n<li data-aria-posinset=\"3\" data-aria-level=\"2\">\u00c5rets Microsoft Partner 2021, 2022 og 2023 inden for Sikkerhed i Danmark<\/li>\n<li data-aria-posinset=\"3\" data-aria-level=\"2\">Vi forst\u00e5r hele datastyringen og AI-perspektivet og har dedikerede data- og AI-specialister i till\u00e6g til vores it-sikkerhedseksperter<\/li>\n<li data-aria-posinset=\"1\" data-aria-level=\"1\">Vi har stor erfaring med at vurdere og implementere sikkerheds- og compliance l\u00f8sninger for nogle af de st\u00f8rste virksomheder i Danmark.<\/li>\n<li data-aria-posinset=\"3\" data-aria-level=\"1\">Vi ved hvor afg\u00f8rende det er at f\u00e5 ledelse, systemadministration, databeskyttelsesansvarlige, CISO&#8217;er og medarbejdere ombord for at f\u00e5 en effektiv datasikkerhedsstrategi<\/li>\n<\/ul>\n<p>[\/vc_column_text][\/vc_column][\/vc_row][vc_row row_height_percent=&#8221;0&#8243; override_padding=&#8221;yes&#8221; h_padding=&#8221;2&#8243; top_padding=&#8221;5&#8243; bottom_padding=&#8221;5&#8243; back_color=&#8221;color-482803&#8243; overlay_alpha=&#8221;50&#8243; gutter_size=&#8221;3&#8243; column_width_percent=&#8221;100&#8243; shift_y=&#8221;0&#8243; z_index=&#8221;0&#8243; uncode_shortcode_id=&#8221;684982&#8243; back_color_type=&#8221;uncode-palette&#8221;][vc_column column_width_percent=&#8221;100&#8243; align_horizontal=&#8221;align_center&#8221; gutter_size=&#8221;3&#8243; style=&#8221;dark&#8221; overlay_alpha=&#8221;50&#8243; shift_x=&#8221;0&#8243; shift_y=&#8221;0&#8243; shift_y_down=&#8221;0&#8243; z_index=&#8221;0&#8243; medium_width=&#8221;0&#8243; mobile_width=&#8221;0&#8243; width=&#8221;1\/1&#8243; uncode_shortcode_id=&#8221;531660&#8243;][vc_custom_heading text_size=&#8221;h1&#8243; uncode_shortcode_id=&#8221;497777&#8243;]Reserver din gratis r\u00e5dgivning nu<br \/>\n<span style=\"color: #acd7e6;\">og f\u00e5 ro i maven (eller bare god samvittighed)<\/span>[\/vc_custom_heading][vc_row_inner limit_content=&#8221;&#8221;][vc_column_inner column_width_percent=&#8221;100&#8243; gutter_size=&#8221;3&#8243; style=&#8221;dark&#8221; overlay_alpha=&#8221;50&#8243; shift_x=&#8221;0&#8243; shift_y=&#8221;0&#8243; shift_y_down=&#8221;0&#8243; z_index=&#8221;0&#8243; medium_width=&#8221;0&#8243; mobile_width=&#8221;0&#8243; width=&#8221;1\/2&#8243;][vc_column_text uncode_shortcode_id=&#8221;149545&#8243;]45 minutters gratis r\u00e5dgivning med VENZO vil give dig indsigt i risikoen, overblik over l\u00f8sninger og id\u00e9er til n\u00e6ste skridt.<\/p>\n<p>I f\u00e5r alts\u00e5 en uvildig vurdering af jeres datasikkerhed, s\u00e5 du ved, hvad I skal prioritere af tiltag.<\/p>\n<p>Book en tid med vores sikkerhedseksperter med det samme. Vi kan nemlig ikke garantere en ledig tid, n\u00e5r konsulenterne f\u00f8rst tilknyttes andre kundeprojekter p\u00e5 fuld tid.[\/vc_column_text][\/vc_column_inner][vc_column_inner column_width_percent=&#8221;100&#8243; gutter_size=&#8221;3&#8243; style=&#8221;dark&#8221; overlay_alpha=&#8221;50&#8243; shift_x=&#8221;0&#8243; shift_y=&#8221;0&#8243; shift_y_down=&#8221;0&#8243; z_index=&#8221;0&#8243; medium_width=&#8221;0&#8243; mobile_width=&#8221;0&#8243; width=&#8221;1\/2&#8243;][vc_column_text uncode_shortcode_id=&#8221;169753&#8243;]<\/p>\n<h3>Det f\u00e5r I p\u00e5 m\u00f8det:<\/h3>\n<ul>\n<li>Indsigt i de risici der er for datal\u00e6k ved brug af AI-v\u00e6rkt\u00f8jer<\/li>\n<li>Overblik over, hvordan I sikrer jeres data, f\u00f8r I implementerer AI i virksomheden<\/li>\n<li>Id\u00e9er og input til n\u00e6ste skridt<\/li>\n<\/ul>\n<p>[\/vc_column_text][\/vc_column_inner][\/vc_row_inner][vc_button size=&#8221;btn-lg&#8221; border_width=&#8221;0&#8243; link=&#8221;url:https%3A%2F%2Foutlook.office365.com%2Fbook%2FVENZO%40venzo.onmicrosoft.com%2Fs%2Fmn7jc6sdi0OAjXBoAMbQ4Q2&#8243; uncode_shortcode_id=&#8221;192167&#8243;]Klik p\u00e5 knappen og f\u00e5 45 minutters gratis r\u00e5dgivning om datasikkerhed og AI[\/vc_button][\/vc_column][\/vc_row][vc_row row_height_percent=&#8221;0&#8243; override_padding=&#8221;yes&#8221; h_padding=&#8221;2&#8243; top_padding=&#8221;2&#8243; bottom_padding=&#8221;4&#8243; back_color=&#8221;color-482803&#8243; overlay_alpha=&#8221;50&#8243; gutter_size=&#8221;3&#8243; column_width_percent=&#8221;100&#8243; shift_y=&#8221;0&#8243; z_index=&#8221;0&#8243; uncode_shortcode_id=&#8221;179351&#8243; back_color_type=&#8221;uncode-palette&#8221;][vc_column width=&#8221;1\/1&#8243;][vc_single_image media=&#8221;90871&#8243; media_width_use_pixel=&#8221;yes&#8221; alignment=&#8221;center&#8221; uncode_shortcode_id=&#8221;130366&#8243; media_width_pixel=&#8221;250&#8243;][\/vc_column][\/vc_row]<\/p>\n<\/div>","protected":false},"excerpt":{"rendered":"<p>[vc_row unlock_row_content=&#8221;yes&#8221; row_height_percent=&#8221;30&#8243; override_padding=&#8221;yes&#8221; h_padding=&#8221;2&#8243; top_padding=&#8221;3&#8243; bottom_padding=&#8221;3&#8243; back_color=&#8221;color-482803&#8243; overlay_alpha=&#8221;50&#8243; gutter_size=&#8221;3&#8243; column_width_percent=&#8221;100&#8243; shift_y=&#8221;0&#8243; z_index=&#8221;0&#8243; uncode_shortcode_id=&#8221;512152&#8243; back_color_type=&#8221;uncode-palette&#8221;][vc_column column_width_percent=&#8221;100&#8243; align_horizontal=&#8221;align_center&#8221; gutter_size=&#8221;3&#8243; overlay_alpha=&#8221;50&#8243; shift_x=&#8221;0&#8243; [&hellip;]<\/p>\n","protected":false},"author":32,"featured_media":0,"parent":0,"menu_order":0,"comment_status":"closed","ping_status":"closed","template":"","meta":{"_price":"","_stock":"","_tribe_ticket_header":"","_tribe_default_ticket_provider":"","_tribe_ticket_capacity":"0","_ticket_start_date":"","_ticket_end_date":"","_tribe_ticket_show_description":"","_tribe_ticket_show_not_going":false,"_tribe_ticket_use_global_stock":"","_tribe_ticket_global_stock_level":"","_global_stock_mode":"","_global_stock_cap":"","_tribe_rsvp_for_event":"","_tribe_ticket_going_count":"","_tribe_ticket_not_going_count":"","_tribe_tickets_list":"[]","_tribe_ticket_has_attendee_info_fields":false,"footnotes":"","_tec_slr_enabled":"","_tec_slr_layout":""},"class_list":["post-91327","page","type-page","status-publish","hentry"],"yoast_head":"<!-- This site is optimized with the Yoast SEO plugin v27.5 - https:\/\/yoast.com\/product\/yoast-seo-wordpress\/ -->\n<title>F\u00e5 45 minutters gratis r\u00e5dgivning om datasikkerhed og AI - VENZO<\/title>\n<meta name=\"description\" content=\"F\u00e5 styr p\u00e5 jeres data s\u00e5 I kan udnytte AI med ro i maven. Vi giver jer indsigt i risikoen, overblik over l\u00f8sninger og id\u00e9er til n\u00e6ste skridt.\" \/>\n<meta name=\"robots\" content=\"index, follow, max-snippet:-1, max-image-preview:large, max-video-preview:-1\" \/>\n<link rel=\"canonical\" href=\"https:\/\/venzo.com\/da\/datasikkerhed-ai\/\" \/>\n<meta property=\"og:locale\" content=\"da_DK\" \/>\n<meta property=\"og:type\" content=\"article\" \/>\n<meta property=\"og:title\" content=\"F\u00e5 45 minutters gratis r\u00e5dgivning om datasikkerhed og AI - VENZO\" \/>\n<meta property=\"og:description\" content=\"F\u00e5 styr p\u00e5 jeres data s\u00e5 I kan udnytte AI med ro i maven. Vi giver jer indsigt i risikoen, overblik over l\u00f8sninger og id\u00e9er til n\u00e6ste skridt.\" \/>\n<meta property=\"og:url\" content=\"https:\/\/venzo.com\/da\/datasikkerhed-ai\/\" \/>\n<meta property=\"og:site_name\" content=\"VENZO\" \/>\n<meta property=\"article:modified_time\" content=\"2024-03-13T12:10:57+00:00\" \/>\n<meta property=\"og:image\" content=\"https:\/\/i0.wp.com\/venzo.com\/wp-content\/uploads\/2023\/09\/VENZO-entrance-scaled.jpg?fit=2560%2C1707&ssl=1\" \/>\n\t<meta property=\"og:image:width\" content=\"2560\" \/>\n\t<meta property=\"og:image:height\" content=\"1707\" \/>\n\t<meta property=\"og:image:type\" content=\"image\/jpeg\" \/>\n<meta name=\"twitter:card\" content=\"summary_large_image\" \/>\n<script type=\"application\/ld+json\" class=\"yoast-schema-graph\">{\"@context\":\"https:\\\/\\\/schema.org\",\"@graph\":[{\"@type\":\"WebPage\",\"@id\":\"https:\\\/\\\/venzo.com\\\/da\\\/datasikkerhed-ai\\\/\",\"url\":\"https:\\\/\\\/venzo.com\\\/da\\\/datasikkerhed-ai\\\/\",\"name\":\"F\u00e5 45 minutters gratis r\u00e5dgivning om datasikkerhed og AI - VENZO\",\"isPartOf\":{\"@id\":\"https:\\\/\\\/venzo.com\\\/da\\\/#website\"},\"datePublished\":\"2023-12-06T12:33:29+00:00\",\"dateModified\":\"2024-03-13T12:10:57+00:00\",\"description\":\"F\u00e5 styr p\u00e5 jeres data s\u00e5 I kan udnytte AI med ro i maven. Vi giver jer indsigt i risikoen, overblik over l\u00f8sninger og id\u00e9er til n\u00e6ste skridt.\",\"breadcrumb\":{\"@id\":\"https:\\\/\\\/venzo.com\\\/da\\\/datasikkerhed-ai\\\/#breadcrumb\"},\"inLanguage\":\"da-DK\",\"potentialAction\":[{\"@type\":\"ReadAction\",\"target\":[\"https:\\\/\\\/venzo.com\\\/da\\\/datasikkerhed-ai\\\/\"]}]},{\"@type\":\"BreadcrumbList\",\"@id\":\"https:\\\/\\\/venzo.com\\\/da\\\/datasikkerhed-ai\\\/#breadcrumb\",\"itemListElement\":[{\"@type\":\"ListItem\",\"position\":1,\"name\":\"Hjem\",\"item\":\"https:\\\/\\\/venzo.com\\\/da\\\/forsiden-2\\\/\"},{\"@type\":\"ListItem\",\"position\":2,\"name\":\"Datasikkerhed og AI v\u00e6rkt\u00f8jer\"}]},{\"@type\":\"WebSite\",\"@id\":\"https:\\\/\\\/venzo.com\\\/da\\\/#website\",\"url\":\"https:\\\/\\\/venzo.com\\\/da\\\/\",\"name\":\"VENZO - Tech. Change. Today.\",\"description\":\"\u2013 a valantic company\",\"publisher\":{\"@id\":\"https:\\\/\\\/venzo.com\\\/da\\\/#organization\"},\"alternateName\":\"VENZO\",\"potentialAction\":[{\"@type\":\"SearchAction\",\"target\":{\"@type\":\"EntryPoint\",\"urlTemplate\":\"https:\\\/\\\/venzo.com\\\/da\\\/?s={search_term_string}\"},\"query-input\":{\"@type\":\"PropertyValueSpecification\",\"valueRequired\":true,\"valueName\":\"search_term_string\"}}],\"inLanguage\":\"da-DK\"},{\"@type\":\"Organization\",\"@id\":\"https:\\\/\\\/venzo.com\\\/da\\\/#organization\",\"name\":\"VENZO\",\"url\":\"https:\\\/\\\/venzo.com\\\/da\\\/\",\"logo\":{\"@type\":\"ImageObject\",\"inLanguage\":\"da-DK\",\"@id\":\"https:\\\/\\\/venzo.com\\\/da\\\/#\\\/schema\\\/logo\\\/image\\\/\",\"url\":\"https:\\\/\\\/i0.wp.com\\\/venzo.com\\\/wp-content\\\/uploads\\\/2024\\\/01\\\/VENZO_logo_round_black_outline_with-tagline_right.png?fit=335%2C199&ssl=1\",\"contentUrl\":\"https:\\\/\\\/i0.wp.com\\\/venzo.com\\\/wp-content\\\/uploads\\\/2024\\\/01\\\/VENZO_logo_round_black_outline_with-tagline_right.png?fit=335%2C199&ssl=1\",\"width\":335,\"height\":199,\"caption\":\"VENZO\"},\"image\":{\"@id\":\"https:\\\/\\\/venzo.com\\\/da\\\/#\\\/schema\\\/logo\\\/image\\\/\"},\"sameAs\":[\"https:\\\/\\\/www.linkedin.com\\\/company\\\/venzo-techchangetoday\\\/\",\"https:\\\/\\\/www.instagram.com\\\/techchangetoday\\\/\"]}]}<\/script>\n<!-- \/ Yoast SEO plugin. -->","yoast_head_json":{"title":"F\u00e5 45 minutters gratis r\u00e5dgivning om datasikkerhed og AI - VENZO","description":"F\u00e5 styr p\u00e5 jeres data s\u00e5 I kan udnytte AI med ro i maven. Vi giver jer indsigt i risikoen, overblik over l\u00f8sninger og id\u00e9er til n\u00e6ste skridt.","robots":{"index":"index","follow":"follow","max-snippet":"max-snippet:-1","max-image-preview":"max-image-preview:large","max-video-preview":"max-video-preview:-1"},"canonical":"https:\/\/venzo.com\/da\/datasikkerhed-ai\/","og_locale":"da_DK","og_type":"article","og_title":"F\u00e5 45 minutters gratis r\u00e5dgivning om datasikkerhed og AI - VENZO","og_description":"F\u00e5 styr p\u00e5 jeres data s\u00e5 I kan udnytte AI med ro i maven. Vi giver jer indsigt i risikoen, overblik over l\u00f8sninger og id\u00e9er til n\u00e6ste skridt.","og_url":"https:\/\/venzo.com\/da\/datasikkerhed-ai\/","og_site_name":"VENZO","article_modified_time":"2024-03-13T12:10:57+00:00","og_image":[{"width":2560,"height":1707,"url":"https:\/\/i0.wp.com\/venzo.com\/wp-content\/uploads\/2023\/09\/VENZO-entrance-scaled.jpg?fit=2560%2C1707&ssl=1","type":"image\/jpeg"}],"twitter_card":"summary_large_image","schema":{"@context":"https:\/\/schema.org","@graph":[{"@type":"WebPage","@id":"https:\/\/venzo.com\/da\/datasikkerhed-ai\/","url":"https:\/\/venzo.com\/da\/datasikkerhed-ai\/","name":"F\u00e5 45 minutters gratis r\u00e5dgivning om datasikkerhed og AI - VENZO","isPartOf":{"@id":"https:\/\/venzo.com\/da\/#website"},"datePublished":"2023-12-06T12:33:29+00:00","dateModified":"2024-03-13T12:10:57+00:00","description":"F\u00e5 styr p\u00e5 jeres data s\u00e5 I kan udnytte AI med ro i maven. Vi giver jer indsigt i risikoen, overblik over l\u00f8sninger og id\u00e9er til n\u00e6ste skridt.","breadcrumb":{"@id":"https:\/\/venzo.com\/da\/datasikkerhed-ai\/#breadcrumb"},"inLanguage":"da-DK","potentialAction":[{"@type":"ReadAction","target":["https:\/\/venzo.com\/da\/datasikkerhed-ai\/"]}]},{"@type":"BreadcrumbList","@id":"https:\/\/venzo.com\/da\/datasikkerhed-ai\/#breadcrumb","itemListElement":[{"@type":"ListItem","position":1,"name":"Hjem","item":"https:\/\/venzo.com\/da\/forsiden-2\/"},{"@type":"ListItem","position":2,"name":"Datasikkerhed og AI v\u00e6rkt\u00f8jer"}]},{"@type":"WebSite","@id":"https:\/\/venzo.com\/da\/#website","url":"https:\/\/venzo.com\/da\/","name":"VENZO - Tech. Change. Today.","description":"\u2013 a valantic company","publisher":{"@id":"https:\/\/venzo.com\/da\/#organization"},"alternateName":"VENZO","potentialAction":[{"@type":"SearchAction","target":{"@type":"EntryPoint","urlTemplate":"https:\/\/venzo.com\/da\/?s={search_term_string}"},"query-input":{"@type":"PropertyValueSpecification","valueRequired":true,"valueName":"search_term_string"}}],"inLanguage":"da-DK"},{"@type":"Organization","@id":"https:\/\/venzo.com\/da\/#organization","name":"VENZO","url":"https:\/\/venzo.com\/da\/","logo":{"@type":"ImageObject","inLanguage":"da-DK","@id":"https:\/\/venzo.com\/da\/#\/schema\/logo\/image\/","url":"https:\/\/i0.wp.com\/venzo.com\/wp-content\/uploads\/2024\/01\/VENZO_logo_round_black_outline_with-tagline_right.png?fit=335%2C199&ssl=1","contentUrl":"https:\/\/i0.wp.com\/venzo.com\/wp-content\/uploads\/2024\/01\/VENZO_logo_round_black_outline_with-tagline_right.png?fit=335%2C199&ssl=1","width":335,"height":199,"caption":"VENZO"},"image":{"@id":"https:\/\/venzo.com\/da\/#\/schema\/logo\/image\/"},"sameAs":["https:\/\/www.linkedin.com\/company\/venzo-techchangetoday\/","https:\/\/www.instagram.com\/techchangetoday\/"]}]}},"jetpack_likes_enabled":false,"jetpack_sharing_enabled":true,"jetpack_shortlink":"https:\/\/wp.me\/Pfqo1F-nL1","ticketed":false,"_links":{"self":[{"href":"https:\/\/venzo.com\/da\/wp-json\/wp\/v2\/pages\/91327","targetHints":{"allow":["GET"]}}],"collection":[{"href":"https:\/\/venzo.com\/da\/wp-json\/wp\/v2\/pages"}],"about":[{"href":"https:\/\/venzo.com\/da\/wp-json\/wp\/v2\/types\/page"}],"author":[{"embeddable":true,"href":"https:\/\/venzo.com\/da\/wp-json\/wp\/v2\/users\/32"}],"replies":[{"embeddable":true,"href":"https:\/\/venzo.com\/da\/wp-json\/wp\/v2\/comments?post=91327"}],"version-history":[{"count":33,"href":"https:\/\/venzo.com\/da\/wp-json\/wp\/v2\/pages\/91327\/revisions"}],"predecessor-version":[{"id":91890,"href":"https:\/\/venzo.com\/da\/wp-json\/wp\/v2\/pages\/91327\/revisions\/91890"}],"wp:attachment":[{"href":"https:\/\/venzo.com\/da\/wp-json\/wp\/v2\/media?parent=91327"}],"curies":[{"name":"wp","href":"https:\/\/api.w.org\/{rel}","templated":true}]}}